{"id":44,"date":"2025-01-05T13:23:19","date_gmt":"2025-01-05T12:23:19","guid":{"rendered":"https:\/\/masolutionsas.fr\/?page_id=44"},"modified":"2025-01-10T00:12:24","modified_gmt":"2025-01-09T23:12:24","slug":"mission-conseil","status":"publish","type":"page","link":"https:\/\/masolutionsas.fr\/?page_id=44","title":{"rendered":"Mission conseil"},"content":{"rendered":"\n<div id=\"mission_conseil\" class=\"wp-block-group is-layout-constrained wp-container-core-group-is-layout-7c820466 wp-block-group-is-layout-constrained\" style=\"margin-top:0;padding-top:50px;padding-right:var(--wp--preset--spacing--50);padding-bottom:50px;padding-left:var(--wp--preset--spacing--50)\">\n<div class=\"wp-block-group alignfull is-layout-constrained wp-block-group-is-layout-constrained\">\n<div class=\"wp-block-group alignwide has-avenir-next-lt-pro-font-family is-vertical is-layout-flex wp-container-core-group-is-layout-5ee61f30 wp-block-group-is-layout-flex\" style=\"padding-right:var(--wp--preset--spacing--20);padding-left:var(--wp--preset--spacing--20);font-size:1.25rem\">\n<p class=\"wp-container-content-9cfa9a5a\" style=\"margin-top:0;padding-top:0\">C\u2019est la toute premi\u00e8re \u00e9tape dans chaque projet de conception :<br>Etudier le <strong>PLU(I)<\/strong> afin de conna\u00eetre les droits, devoirs et obligations en terme de construction.<\/p>\n\n\n\n<p class=\"wp-container-content-9cfa9a5a\" style=\"padding-bottom:var(--wp--preset--spacing--30)\">Cette \u00e9tape fondamentale est incluse dans chacune de mes missions (conception \/ d\u00e9claration pr\u00e9alable \/ permis de construire \/ mission compl\u00e8te)<br>Toutefois, nombreuses sont les personnes qui me contactent afin de simplement savoir si leur projet est r\u00e9alisable ou non avant de se lancer dans l\u2019\u00e9tape de conception.<br>De ce constat est n\u00e9 la proposition d\u2019une \u201cMission conseil\u201d ind\u00e9pendante de toute autre mission.<\/p>\n\n\n\n<p class=\"wp-container-content-9cfa9a5a\" style=\"line-height:0;text-decoration:underline;text-transform:uppercase\"><strong>L\u2019objectif<\/strong><\/p>\n\n\n\n<p class=\"wp-container-content-9cfa9a5a\" style=\"padding-bottom:var(--wp--preset--spacing--30)\">Etudier les aspects r\u00e9glementaires r\u00e9gissant la parcelle accueillant le projet afin de conna\u00eetre les diverses possibilit\u00e9s de construction et\/ou d\u2019agrandissement.<\/p>\n\n\n\n<p class=\"wp-container-content-9cfa9a5a\" style=\"line-height:0;text-decoration:underline;text-transform:uppercase\"><strong><strong><strong>Le contenu<\/strong><\/strong><\/strong><\/p>\n\n\n\n<p class=\"wp-container-content-9cfa9a5a\" style=\"padding-bottom:var(--wp--preset--spacing--30)\">Je proc\u00e8de \u00e0 une \u00e9tude approfondie des r\u00e8glements d\u2019urbanisme et\/ou de copropri\u00e9t\u00e9 et\/ou de lotissement afin de conna\u00eetre :<br>       &#8211; La surface constructible totale et\/ou restante<br>       &#8211; Les possibilit\u00e9s d\u2019agrandissement et\/ou de sur\u00e9l\u00e9vation<br>       &#8211; Les possibilit\u00e9s de construction d\u2019annexes et\/ou de piscines<br>       &#8211; Les hauteurs possibles<br>       &#8211; Les distances et hauteurs \u00e0 respecter par rapport aux limites s\u00e9paratives<br>       &#8211; Les surfaces de pleine terre \u00e0 respecter<br>       &#8211; Les obligations en terme de mat\u00e9riaux, couleurs, volumes, etc\u2026<\/p>\n\n\n\n<p class=\"wp-container-content-9cfa9a5a\" style=\"line-height:0;text-decoration:underline;text-transform:uppercase\"><strong><strong><strong><strong>Le rendu<\/strong><\/strong><\/strong><\/strong><\/p>\n\n\n\n<p class=\"wp-container-content-9cfa9a5a\" style=\"padding-bottom:var(--wp--preset--spacing--30)\">Cette \u00e9tude est r\u00e9dig\u00e9e et transmise sous la forme d\u2019une synth\u00e8se reprenant les r\u00e8gles qui r\u00e9gissent votre parcelle en pr\u00e9cisant ce qui est possible de faire ou non.<br>Lorsque le projet est d\u00e9j\u00e0 d\u00e9fini, la synth\u00e8se pr\u00e9cise s\u2019il est r\u00e9alisable ou non et sous quelles conditions ou propose des solutions alternatives lorsque cela est possible.<br>Lorsque le projet n\u2019est pas d\u00e9fini \u00e0 l\u2019avance, la synth\u00e8se reprend l\u2019ensemble les possibilit\u00e9s qu\u2019offre la parcelle en question.<\/p>\n\n\n\n<p class=\"wp-container-content-9cfa9a5a\" style=\"line-height:0;text-decoration:underline;text-transform:uppercase\"><strong><strong><strong><strong><strong>A qui s\u2019adresse cette mission ?<\/strong><\/strong><\/strong><\/strong><\/strong><\/p>\n\n\n\n<p class=\"wp-container-content-9cfa9a5a\" style=\"padding-bottom:var(--wp--preset--spacing--30)\">       &#8211; <strong>Aux futurs acqu\u00e9reurs<\/strong>: pour savoir quelles sont les possibilit\u00e9s d\u2019agrandissement, de constructions d\u2019annexes, de piscine, etc\u2026 afin de se positionner ou non sur le bien envisag\u00e9<br>       &#8211; <strong>Aux propri\u00e9taires<\/strong> : pour savoir si votre projet d\u2019agrandissement ou de construction est r\u00e9alisable ou non avant de vous engager plus loin<br>       &#8211; <strong>Aux professionnels des agences immobili\u00e8res<\/strong> : afin de conseiller vos clients sur les possibilit\u00e9s d\u2019\u00e9volution qu\u2019offrent les biens que vous proposez \u00e0 la vente<\/p>\n<\/div>\n<\/div>\n<\/div>\n","protected":false},"excerpt":{"rendered":"<p>C\u2019est la toute premi\u00e8re \u00e9tape dans chaque projet de conception :Etudier le PLU(I) afin de conna\u00eetre les droits, devoirs et obligations en terme de construction. Cette \u00e9tape fondamentale est incluse dans chacune de mes missions (conception \/ d\u00e9claration pr\u00e9alable \/ permis de construire \/ mission compl\u00e8te)Toutefois, nombreuses sont les personnes qui me contactent afin de [&hellip;]<\/p>\n","protected":false},"author":1,"featured_media":0,"parent":0,"menu_order":0,"comment_status":"closed","ping_status":"closed","template":"","meta":{"_uf_show_specific_survey":0,"_uf_disable_surveys":false,"footnotes":""},"class_list":["post-44","page","type-page","status-publish","hentry"],"aioseo_notices":[],"_links":{"self":[{"href":"https:\/\/masolutionsas.fr\/index.php?rest_route=\/wp\/v2\/pages\/44","targetHints":{"allow":["GET"]}}],"collection":[{"href":"https:\/\/masolutionsas.fr\/index.php?rest_route=\/wp\/v2\/pages"}],"about":[{"href":"https:\/\/masolutionsas.fr\/index.php?rest_route=\/wp\/v2\/types\/page"}],"author":[{"embeddable":true,"href":"https:\/\/masolutionsas.fr\/index.php?rest_route=\/wp\/v2\/users\/1"}],"replies":[{"embeddable":true,"href":"https:\/\/masolutionsas.fr\/index.php?rest_route=%2Fwp%2Fv2%2Fcomments&post=44"}],"version-history":[{"count":3,"href":"https:\/\/masolutionsas.fr\/index.php?rest_route=\/wp\/v2\/pages\/44\/revisions"}],"predecessor-version":[{"id":871,"href":"https:\/\/masolutionsas.fr\/index.php?rest_route=\/wp\/v2\/pages\/44\/revisions\/871"}],"wp:attachment":[{"href":"https:\/\/masolutionsas.fr\/index.php?rest_route=%2Fwp%2Fv2%2Fmedia&parent=44"}],"curies":[{"name":"wp","href":"https:\/\/api.w.org\/{rel}","templated":true}]}}