{"id":42,"date":"2025-01-05T13:23:25","date_gmt":"2025-01-05T12:23:25","guid":{"rendered":"https:\/\/masolutionsas.fr\/?page_id=42"},"modified":"2025-01-10T00:13:12","modified_gmt":"2025-01-09T23:13:12","slug":"modelisation-3d","status":"publish","type":"page","link":"https:\/\/masolutionsas.fr\/?page_id=42","title":{"rendered":"Mod\u00e9lisation 3D"},"content":{"rendered":"\n<div class=\"wp-block-group is-content-justification-center is-layout-constrained wp-container-core-group-is-layout-d21e1f18 wp-block-group-is-layout-constrained\" style=\"min-height:0px;margin-top:0;padding-top:0px;padding-right:var(--wp--preset--spacing--50);padding-bottom:0px;padding-left:var(--wp--preset--spacing--50)\">\n<p class=\"has-truculenta-font-family\" style=\"margin-bottom:var(--wp--preset--spacing--30);margin-left:0;padding-right:var(--wp--preset--spacing--20);padding-left:var(--wp--preset--spacing--20);font-size:1.25rem\"><br>Afin que vous puissiez mieux appr\u00e9hender le projet et vous projeter dans votre futur habitat, je vous fournis des visuels 3D des fa\u00e7ades et\/ou de votre futur int\u00e9rieur. Quand ma mission est compl\u00e8te (de la conception \u00e0 la livraison) je vous fournis des visuels d\u00e9taill\u00e9s avec couleurs, mati\u00e8res et am\u00e9nagement. Lorsque ma mission s\u2019arr\u00eate \u00e0 l\u2019autorisation d\u2019urbanisme, seules les fa\u00e7ades sont enti\u00e8rement d\u00e9taill\u00e9es pour insertion graphique dans le dossier mairie.<\/p>\n\n\n\n<div class=\"wp-block-group is-layout-constrained wp-container-core-group-is-layout-e4260d98 wp-block-group-is-layout-constrained\" style=\"margin-top:var(--wp--preset--spacing--20);margin-bottom:var(--wp--preset--spacing--20)\">\n<div style=\"position: relative; width: 100%; height: 0; padding-top: 75.0000%;\n padding-bottom: 0; box-shadow: 0 2px 8px 0 rgba(63,69,81,0.16); margin-top: 1.6em; margin-bottom: 0.9em; overflow: hidden;\n border-radius: 8px; will-change: transform;\">\n  <iframe loading=\"lazy\" style=\"position: absolute; width: 100%; height: 100%; top: 0; left: 0; border: none; padding: 0;margin: 0;\"\n    src=\"https:\/\/www.canva.com\/design\/DAF-72pnS8M\/631t12sF7SvA9MSIAa4Q6Q\/view?embed\" allowfullscreen=\"allowfullscreen\" allow=\"fullscreen\">\n  <\/iframe>\n<\/div>\n<a href=\"https:&#x2F;&#x2F;www.canva.com&#x2F;design&#x2F;DAF-72pnS8M&#x2F;631t12sF7SvA9MSIAa4Q6Q&#x2F;view?utm_content=DAF-72pnS8M&amp;utm_campaign=designshare&amp;utm_medium=embeds&amp;utm_source=link\" target=\"_blank\" rel=\"noopener\">\n<\/div>\n\n\n\n<div class=\"wp-block-group is-layout-constrained wp-container-core-group-is-layout-63b7bad6 wp-block-group-is-layout-constrained\" style=\"margin-top:var(--wp--preset--spacing--20);margin-bottom:var(--wp--preset--spacing--20);padding-top:0;padding-right:0;padding-bottom:0;padding-left:0\">\n<div style=\"position: relative; width: 100%; height: 0; padding-top: 75.0000%;\n padding-bottom: 0; box-shadow: 0 2px 8px 0 rgba(63,69,81,0.16); margin-top: 1.6em; margin-bottom: 0.9em; overflow: hidden;\n border-radius: 8px; will-change: transform;\">\n  <iframe loading=\"lazy\" style=\"position: absolute; width: 100%; height: 100%; top: 0; left: 0; border: none; padding: 0;margin: 0;\"\n    src=\"https:\/\/www.canva.com\/design\/DAF-7-AmYaY\/IB-1QJk-Z26O8-C_-umpMg\/view?embed\" allowfullscreen=\"allowfullscreen\" allow=\"fullscreen\">\n  <\/iframe>\n<\/div>\n<a href=\"https:&#x2F;&#x2F;www.canva.com&#x2F;design&#x2F;DAF-7-AmYaY&#x2F;IB-1QJk-Z26O8-C_-umpMg&#x2F;view?utm_content=DAF-7-AmYaY&amp;utm_campaign=designshare&amp;utm_medium=embeds&amp;utm_source=link\" target=\"_blank\" rel=\"noopener\">\n<\/div>\n<\/div>\n","protected":false},"excerpt":{"rendered":"<p>Afin que vous puissiez mieux appr\u00e9hender le projet et vous projeter dans votre futur habitat, je vous fournis des visuels 3D des fa\u00e7ades et\/ou de votre futur int\u00e9rieur. Quand ma mission est compl\u00e8te (de la conception \u00e0 la livraison) je vous fournis des visuels d\u00e9taill\u00e9s avec couleurs, mati\u00e8res et am\u00e9nagement. Lorsque ma mission s\u2019arr\u00eate \u00e0 [&hellip;]<\/p>\n","protected":false},"author":1,"featured_media":0,"parent":0,"menu_order":0,"comment_status":"closed","ping_status":"closed","template":"","meta":{"_uf_show_specific_survey":0,"_uf_disable_surveys":false,"footnotes":""},"class_list":["post-42","page","type-page","status-publish","hentry"],"aioseo_notices":[],"_links":{"self":[{"href":"https:\/\/masolutionsas.fr\/index.php?rest_route=\/wp\/v2\/pages\/42","targetHints":{"allow":["GET"]}}],"collection":[{"href":"https:\/\/masolutionsas.fr\/index.php?rest_route=\/wp\/v2\/pages"}],"about":[{"href":"https:\/\/masolutionsas.fr\/index.php?rest_route=\/wp\/v2\/types\/page"}],"author":[{"embeddable":true,"href":"https:\/\/masolutionsas.fr\/index.php?rest_route=\/wp\/v2\/users\/1"}],"replies":[{"embeddable":true,"href":"https:\/\/masolutionsas.fr\/index.php?rest_route=%2Fwp%2Fv2%2Fcomments&post=42"}],"version-history":[{"count":5,"href":"https:\/\/masolutionsas.fr\/index.php?rest_route=\/wp\/v2\/pages\/42\/revisions"}],"predecessor-version":[{"id":872,"href":"https:\/\/masolutionsas.fr\/index.php?rest_route=\/wp\/v2\/pages\/42\/revisions\/872"}],"wp:attachment":[{"href":"https:\/\/masolutionsas.fr\/index.php?rest_route=%2Fwp%2Fv2%2Fmedia&parent=42"}],"curies":[{"name":"wp","href":"https:\/\/api.w.org\/{rel}","templated":true}]}}