{"id":37,"date":"2025-01-05T13:22:55","date_gmt":"2025-01-05T12:22:55","guid":{"rendered":"https:\/\/masolutionsas.fr\/?page_id=37"},"modified":"2025-01-10T00:11:04","modified_gmt":"2025-01-09T23:11:04","slug":"conception-de-projet","status":"publish","type":"page","link":"https:\/\/masolutionsas.fr\/?page_id=37","title":{"rendered":"Conception de projet"},"content":{"rendered":"\n<div id=\"conception_projet\" class=\"wp-block-group is-layout-constrained wp-container-core-group-is-layout-e7350505 wp-block-group-is-layout-constrained\" style=\"margin-top:0;padding-top:0px;padding-right:var(--wp--preset--spacing--50);padding-bottom:0px;padding-left:var(--wp--preset--spacing--50)\">\n<p class=\"has-truculenta-font-family\" style=\"margin-left:var(--wp--preset--spacing--80);padding-right:var(--wp--preset--spacing--20);padding-left:var(--wp--preset--spacing--20);font-size:1.25rem\"><br>Titulaire d\u2019une <strong><em>assurance d\u00e9cennale<\/em><\/strong> et membre de la<strong><em> F\u00e9d\u00e9ration nationale des dessinateurs ind\u00e9pendants (FNDI)<\/em><\/strong>, je suis habilit\u00e9e \u00e0 concevoir votre projet de A \u00e0 Z.<br>En fonction de vos besoins et de vos envies, je pense, con\u00e7ois et dessine les plans de votre projet tout en tenant compte de votre budget, des contraintes r\u00e9glementaires r\u00e9gissant votre terrain et de son environnement.<\/p>\n\n\n\n<div class=\"wp-block-group is-layout-constrained wp-container-core-group-is-layout-12243e0f wp-block-group-is-layout-constrained\">\n<div style=\"position: relative; width: 100%; height: 0; padding-top: 75.0000%;\n padding-bottom: 0; box-shadow: 0 2px 8px 0 rgba(63,69,81,0.16); margin-top: 1.6em; margin-bottom: 0.9em; overflow: hidden;\n border-radius: 8px; will-change: transform;\">\n  <iframe loading=\"lazy\" style=\"position: absolute; width: 100%; height: 100%; top: 0; left: 0; border: none; padding: 0;margin: 0;\" src=\"https:\/\/www.canva.com\/design\/DAF8IYiA0ow\/view?embed\" allowfullscreen=\"allowfullscreen\" allow=\"fullscreen\">\n  <\/iframe>\n<\/div>\n<\/div>\n\n\n\n<div style=\"height:31px\" aria-hidden=\"true\" class=\"wp-block-spacer\"><\/div>\n\n\n\n<h2 class=\"wp-block-heading has-text-align-center has-text-regular-color has-text-color has-link-color has-zen-loop-font-family has-medium-large-font-size wp-elements-2f33817ae07d1cce537210b06a378000\">Le saviez-vous ?<\/h2>\n\n\n\n<details class=\"wp-block-details has-text-regular-color has-text-color has-link-color has-truculenta-font-family wp-elements-5743283574391c2b893d31ae685c4495 is-layout-flow wp-block-details-is-layout-flow\"><summary><strong>Assurance d\u00e9cennale<\/strong> et<strong> Assurance dommage ouvrage <\/strong>: pour qui ? pour quoi  ?<br>Lesquelles sont obligatoires et dans quels cas?<br>Quelle est la diff\u00e9rences entre un <strong>ma\u00eetre d&#8217;ouvrage<\/strong> et un <strong>ma\u00eetre d&#8217;\u0153uvre<\/strong> ?<br>&#8230;lire la suite&#8230;<\/summary>\n<div class=\"wp-block-group alignwide is-content-justification-center is-layout-constrained wp-container-core-group-is-layout-57b56058 wp-block-group-is-layout-constrained\">\n<div class=\"wp-block-group alignfull has-avenir-next-lt-pro-font-family is-vertical is-content-justification-stretch is-layout-flex wp-container-core-group-is-layout-b3d2e001 wp-block-group-is-layout-flex\" style=\"margin-top:var(--wp--preset--spacing--70);margin-bottom:var(--wp--preset--spacing--70);padding-right:var(--wp--preset--spacing--20);padding-left:var(--wp--preset--spacing--20);font-size:1.25rem;line-height:1.8\">\n<p class=\"has-text-align-center has-text-regular-color has-text-color has-link-color wp-elements-5f54c202c30f6325399ca2ca98673bc2 wp-container-content-9cfa9a5a\" style=\"line-height:0;text-decoration:underline;text-transform:uppercase\"><strong><a href=\"https:\/\/www.legifrance.gouv.fr\/codes\/id\/LEGIARTI000006795911\/1979-01-01\" target=\"_blank\" rel=\"noreferrer noopener\">OBLIGATION D\u2019ASSURANCE DECENNALE<\/a><\/strong><\/p>\n\n\n\n<p class=\"wp-container-content-9cfa9a5a\" style=\"padding-bottom:var(--wp--preset--spacing--30)\">La <em><a href=\"https:\/\/www.legifrance.gouv.fr\/codes\/id\/LEGIARTI000006795911\/1979-01-01\">loi Spinetta du 4 janvier 1978<\/a><\/em> instaure une obligation de souscrire \u00e0 une garantie dite d\u00e9cennale pour tous les professionnels de la construction et du b\u00e2timent. Cette protection couvre les ouvrages r\u00e9alis\u00e9s par les constructeurs durant dix ans \u00e0 compter de la date de livraison de ces derniers.<br><strong>D\u00e8s lors qu\u2019un dessinateur r\u00e9alise lui-m\u00eame des plans pour le compte d\u2019un ma\u00eetre d\u2019ouvrage, par exemple dans le cadre de l\u2019obtention d\u2019un permis de construire, il sera soumis \u00e0 l\u2019assurance d\u00e9cennale.<\/strong><\/p>\n\n\n\n<p class=\"wp-container-content-9cfa9a5a\" style=\"padding-bottom:var(--wp--preset--spacing--30)\">Seuls les dessinateurs travaillant exclusivement en sous-traitance (pour un architecte ou un bureau d\u2019\u00e9tudes techniques par exemple) n\u2019ont pas d\u2019obligation de souscrire \u00e0 une assurance d\u00e9cennale, car ils n\u2019ont pas de lien direct avec le ma\u00eetre d\u2019ouvrage. Dans ce cas, c\u2019est l\u2019assurance d\u00e9cennale du donneur d\u2019ordre (l\u2019architecte ou le bureau d\u2019\u00e9tudes techniques par exemple) qui couvre les ouvrages.<\/p>\n\n\n\n<p class=\"has-text-align-center has-text-regular-color has-text-color has-link-color wp-elements-82404d411fae145c0b2d707f079e0905 wp-container-content-9cfa9a5a\" style=\"margin-right:0%;margin-left:0%;line-height:1.5;text-decoration:underline;text-transform:uppercase\"><strong><strong><strong><a href=\"https:\/\/www.legifrance.gouv.fr\/codes\/article_lc\/LEGIARTI000006795972\/1979-01-01\" target=\"_blank\" rel=\"noreferrer noopener\">OBLIGATION D\u2019ASSURANCE DOMMAGE-OUVRAGE<\/a><\/strong><\/strong><\/strong><\/p>\n\n\n\n<p class=\"wp-container-content-9cfa9a5a\" style=\"padding-bottom:var(--wp--preset--spacing--30)\">La <strong><em><a href=\"https:\/\/www.legifrance.gouv.fr\/codes\/article_lc\/LEGIARTI000006795972\/1979-01-01\">loi Spinetta du 4 janvier 1978 <\/a><\/em><\/strong>(encore elle) instaure \u00e9galement une obligation de souscrire \u00e0 une garantie dite assurance de dommages (\u00ab dommages ouvrage \u00bb) <strong>pour le ma\u00eetre d\u2019ouvrage<\/strong>.<br><strong>L\u2019assurance dommages ouvrage est une assurance obligatoire que doit souscrire tout ma\u00eetre d\u2019ouvrage, notamment, le particulier qui fait construire sa maison ou proc\u00e8de \u00e0 une r\u00e9novation importante (extension, sur\u00e9l\u00e9vation, etc.).<br>Cette assurance doit \u00eatre souscrite avant l\u2019ouverture du chantier (article L.242-1 du Code des assurances)<\/strong>.<\/p>\n\n\n\n<p class=\"has-text-align-center wp-container-content-9cfa9a5a\" style=\"margin-left:0%;line-height:1.5;text-decoration:underline;text-transform:uppercase\"><strong><strong><strong><strong><strong>DIFFERENCE EN \u201cMAITRE D\u2019OUVRAGE\u201d ET \u201cMAITRE D\u2019OEUVRE\u201d<\/strong><\/strong><\/strong><\/strong><\/strong><\/p>\n\n\n\n<p class=\"wp-container-content-9cfa9a5a\" style=\"padding-bottom:var(--wp--preset--spacing--30)\">Pour faire simple, le <strong>ma\u00eetre d\u2019ouvrage (MOA)<\/strong> est celui qui donne l\u2019ouvrage \u00e0 r\u00e9aliser, c\u2019est le demandeur, le client, bref : <strong>c&#8217;est vous<\/strong><br>Le <strong>ma\u00eetre d\u2019\u0153uvre (MOE)<\/strong> est celui qui met en \u0153uvre l\u2019ouvrage, c\u2019est lui qui est en charge de la r\u00e9alisation, du suivi et de la coordination des travaux, le prestataire, bref : <strong>c&#8217;est moi<\/strong><\/p>\n<\/div>\n<\/div>\n<\/details>\n<\/div>\n","protected":false},"excerpt":{"rendered":"<p>Titulaire d\u2019une assurance d\u00e9cennale et membre de la F\u00e9d\u00e9ration nationale des dessinateurs ind\u00e9pendants (FNDI), je suis habilit\u00e9e \u00e0 concevoir votre projet de A \u00e0 Z.En fonction de vos besoins et de vos envies, je pense, con\u00e7ois et dessine les plans de votre projet tout en tenant compte de votre budget, des contraintes r\u00e9glementaires r\u00e9gissant votre [&hellip;]<\/p>\n","protected":false},"author":1,"featured_media":0,"parent":0,"menu_order":0,"comment_status":"closed","ping_status":"closed","template":"","meta":{"_uf_show_specific_survey":0,"_uf_disable_surveys":false,"footnotes":""},"class_list":["post-37","page","type-page","status-publish","hentry"],"aioseo_notices":[],"_links":{"self":[{"href":"https:\/\/masolutionsas.fr\/index.php?rest_route=\/wp\/v2\/pages\/37","targetHints":{"allow":["GET"]}}],"collection":[{"href":"https:\/\/masolutionsas.fr\/index.php?rest_route=\/wp\/v2\/pages"}],"about":[{"href":"https:\/\/masolutionsas.fr\/index.php?rest_route=\/wp\/v2\/types\/page"}],"author":[{"embeddable":true,"href":"https:\/\/masolutionsas.fr\/index.php?rest_route=\/wp\/v2\/users\/1"}],"replies":[{"embeddable":true,"href":"https:\/\/masolutionsas.fr\/index.php?rest_route=%2Fwp%2Fv2%2Fcomments&post=37"}],"version-history":[{"count":8,"href":"https:\/\/masolutionsas.fr\/index.php?rest_route=\/wp\/v2\/pages\/37\/revisions"}],"predecessor-version":[{"id":870,"href":"https:\/\/masolutionsas.fr\/index.php?rest_route=\/wp\/v2\/pages\/37\/revisions\/870"}],"wp:attachment":[{"href":"https:\/\/masolutionsas.fr\/index.php?rest_route=%2Fwp%2Fv2%2Fmedia&parent=37"}],"curies":[{"name":"wp","href":"https:\/\/api.w.org\/{rel}","templated":true}]}}